{"id":444903,"date":"2024-01-25T21:59:46","date_gmt":"2024-01-25T19:59:46","guid":{"rendered":"https:\/\/dev.elorainweb.com\/?page_id=444903"},"modified":"2024-02-15T17:08:27","modified_gmt":"2024-02-15T15:08:27","slug":"pressgrid","status":"publish","type":"page","link":"https:\/\/fredericsanchez.com\/fredericsanchez\/pressgrid\/","title":{"rendered":"PressGrid"},"content":{"rendered":"      <div id=\"post-grid-lazy-444902\" class=\"post-grid-lazy\"><img decoding=\"async\" alt=\"\" src=\"\" \/><\/div>\n    <script>\n      jQuery('#post-grid-lazy-444902').ready(function($) {\n        $('#post-grid-lazy-444902').fadeOut();\n        $('#post-grid-444902   ').fadeIn();\n      })\n    <\/script>\n    <style type=\"text\/css\">\n      #post-grid-444902 {\n        display: none;\n      }\n\n      .post-grid-lazy {\n        text-align: center;\n      }\n    <\/style>\n    <div data-options='{&quot;id&quot;:&quot;444902&quot;,&quot;lazy_load&quot;:&quot;yes&quot;,&quot;masonry_enable&quot;:&quot;no&quot;,&quot;view_type&quot;:&quot;grid&quot;}' id=\"post-grid-444902\" class=\"post-grid grid\">\n    \n\n\n    <div class=\"grid-items\">\n      <div class=\"item item-446417 skin flat even 0 \">\n        <div class=\"layer-wrapper layout-\">\n        <div class=\"layer-media\"><\/div>\n  <div class=\"layer-content\">\n        <div\r\n        class=\"element element_0  element-media \">\r\n            <\/div>\r\n    <div class=\"element element_1  title_link \">\r\n                    <a target=\"\"\r\n                href=\"https:\/\/fredericsanchez.com\/fredericsanchez\/fn-versace-siouxsie-and-the-banshees-sont-de-retour\/\">FN-Versace-Siouxsie and the Banshees sont de retour<\/a>\r\n            <\/div>\r\n    <div class=\"element element_2  excerpt \">\r\n        Fashion Network Godfrey Deeny Traduit par Marguerite Capelle 25 f\u00e9vr. 2024 La maison Versace a toujours eu un penchant pour            <\/div>\r\n            <a class=\"element element_3  read_more \"\r\n            target=\"\"\r\n            href=\"https:\/\/fredericsanchez.com\/fredericsanchez\/fn-versace-siouxsie-and-the-banshees-sont-de-retour\/\"><\/a>\r\n      <\/div>\n    <\/div>\n  <\/div><div class=\"item item-446421 skin flat odd 1 \">\n        <div class=\"layer-wrapper layout-\">\n        <div class=\"layer-media\"><\/div>\n  <div class=\"layer-content\">\n        <div\r\n        class=\"element element_0  element-media \">\r\n            <\/div>\r\n    <div class=\"element element_1  title_link \">\r\n                    <a target=\"\"\r\n                href=\"https:\/\/fredericsanchez.com\/fredericsanchez\/madame-figaro\/\">madame figaro<\/a>\r\n            <\/div>\r\n    <div class=\"element element_2  excerpt \">\r\n        Madame Figaro 28\/03\/2024 FR\u00c9D\u00c9RIC SANCHEZ Provoquer une r\u00e9action forte, un court-circuit \u00abJ'ai d\u00e9but\u00e9 comme illustrateur sonore avec Martin Margiela. En            <\/div>\r\n            <a class=\"element element_3  read_more \"\r\n            target=\"\"\r\n            href=\"https:\/\/fredericsanchez.com\/fredericsanchez\/madame-figaro\/\"><\/a>\r\n      <\/div>\n    <\/div>\n  <\/div><div class=\"item item-446415 skin flat even 2 \">\n        <div class=\"layer-wrapper layout-\">\n        <div class=\"layer-media\"><\/div>\n  <div class=\"layer-content\">\n        <div\r\n        class=\"element element_0  element-media \">\r\n            <\/div>\r\n    <div class=\"element element_1  title_link \">\r\n                    <a target=\"\"\r\n                href=\"https:\/\/fredericsanchez.com\/fredericsanchez\/entente-cordiale-jean-paul-gaultier-haute-couture-par-simone-rocha\/\">Entente Cordiale-Jean-Paul Gaultier haute couture par Simone Rocha<\/a>\r\n            <\/div>\r\n    <div class=\"element element_2  excerpt \">\r\n        Entente Cordiale : Jean-Paul Gaultier haute couture par Simone Rocha Godfrey Deeny Traduit par Marguerite Capelle 24 janv. 2024 Et            <\/div>\r\n            <a class=\"element element_3  read_more \"\r\n            target=\"\"\r\n            href=\"https:\/\/fredericsanchez.com\/fredericsanchez\/entente-cordiale-jean-paul-gaultier-haute-couture-par-simone-rocha\/\"><\/a>\r\n      <\/div>\n    <\/div>\n  <\/div><div class=\"item item-446413 skin flat odd 3 \">\n        <div class=\"layer-wrapper layout-\">\n        <div class=\"layer-media\"><\/div>\n  <div class=\"layer-content\">\n        <div\r\n        class=\"element element_0  element-media \">\r\n            <\/div>\r\n    <div class=\"element element_1  title_link \">\r\n                    <a target=\"\"\r\n                href=\"https:\/\/fredericsanchez.com\/fredericsanchez\/itw-fs-by-theophile-picard\/\">ITW FS by Theophile Picard<\/a>\r\n            <\/div>\r\n    <div class=\"element element_2  excerpt \">\r\n        Interview Fr\u00e9d\u00e9ric Sanchez by Theophile Picard THANK YOU FOR THE MUSIC D\u2019abord la sonnerie de cette porte en fond de            <\/div>\r\n            <a class=\"element element_3  read_more \"\r\n            target=\"\"\r\n            href=\"https:\/\/fredericsanchez.com\/fredericsanchez\/itw-fs-by-theophile-picard\/\"><\/a>\r\n      <\/div>\n    <\/div>\n  <\/div><div class=\"item item-446411 skin flat even 4 \">\n        <div class=\"layer-wrapper layout-\">\n        <div class=\"layer-media\"><\/div>\n  <div class=\"layer-content\">\n        <div\r\n        class=\"element element_0  element-media \">\r\n            <\/div>\r\n    <div class=\"element element_1  title_link \">\r\n                    <a target=\"\"\r\n                href=\"https:\/\/fredericsanchez.com\/fredericsanchez\/tracks-juin-2022\/\">Tracks &#8211; juin 2022<\/a>\r\n            <\/div>\r\n    <div class=\"element element_2  excerpt \">\r\n        Tracks - juin 2022 Par Louis Borel Qui sont ces producteurs fran\u00e7ais qui se cachent derri\u00e8re les B.O des d\u00e9fil\u00e9s            <\/div>\r\n            <a class=\"element element_3  read_more \"\r\n            target=\"\"\r\n            href=\"https:\/\/fredericsanchez.com\/fredericsanchez\/tracks-juin-2022\/\"><\/a>\r\n      <\/div>\n    <\/div>\n  <\/div><div class=\"item item-446409 skin flat odd 5 \">\n        <div class=\"layer-wrapper layout-\">\n        <div class=\"layer-media\"><\/div>\n  <div class=\"layer-content\">\n        <div\r\n        class=\"element element_0  element-media \">\r\n            <\/div>\r\n    <div class=\"element element_1  title_link \">\r\n                    <a target=\"\"\r\n                href=\"https:\/\/fredericsanchez.com\/fredericsanchez\/fn-simone-rocha-fw22\/\">FN Simone Rocha-FW22<\/a>\r\n            <\/div>\r\n    <div class=\"element element_2  excerpt \">\r\n        FN Simone Rocha FW22 21 f\u00e9vr. 2022 Godfrey Deeny Traduit par Cl\u00e9mentine Martin London Fashion Week: Simone Rocha L\u2019\u00e9motion \u00e9tait            <\/div>\r\n            <a class=\"element element_3  read_more \"\r\n            target=\"\"\r\n            href=\"https:\/\/fredericsanchez.com\/fredericsanchez\/fn-simone-rocha-fw22\/\"><\/a>\r\n      <\/div>\n    <\/div>\n  <\/div><div class=\"item item-446407 skin flat even 6 \">\n        <div class=\"layer-wrapper layout-\">\n        <div class=\"layer-media\"><\/div>\n  <div class=\"layer-content\">\n        <div\r\n        class=\"element element_0  element-media \">\r\n            <\/div>\r\n    <div class=\"element element_1  title_link \">\r\n                    <a target=\"\"\r\n                href=\"https:\/\/fredericsanchez.com\/fredericsanchez\/ferrari-fn\/\">FERRARI-FN<\/a>\r\n            <\/div>\r\n    <div class=\"element element_2  excerpt \">\r\n        FERRARI-FN 27 f\u00e9vr. 2022 Dominique Muret Ferrari fait vrombir la Fashion Week de Milan Pour ses premiers pas \u00e0 Milan,            <\/div>\r\n            <a class=\"element element_3  read_more \"\r\n            target=\"\"\r\n            href=\"https:\/\/fredericsanchez.com\/fredericsanchez\/ferrari-fn\/\"><\/a>\r\n      <\/div>\n    <\/div>\n  <\/div><div class=\"item item-446405 skin flat odd 7 \">\n        <div class=\"layer-wrapper layout-\">\n        <div class=\"layer-media\"><\/div>\n  <div class=\"layer-content\">\n        <div\r\n        class=\"element element_0  element-media \">\r\n            <\/div>\r\n    <div class=\"element element_1  title_link \">\r\n                    <a target=\"\"\r\n                href=\"https:\/\/fredericsanchez.com\/fredericsanchez\/packaging-the-body-at-craig-green-fashion-show-review-menswear-autumn-2020-bof\/\">Packaging the Body at Craig Green-Fashion Show Review-Menswear-Autumn 2020-BoF<\/a>\r\n            <\/div>\r\n    <div class=\"element element_2  excerpt \">\r\n        Packaging the Body at Craig Green By TIM BLANKS January 20, 2020 The detail of his designs, the intricate ingenuity            <\/div>\r\n            <a class=\"element element_3  read_more \"\r\n            target=\"\"\r\n            href=\"https:\/\/fredericsanchez.com\/fredericsanchez\/packaging-the-body-at-craig-green-fashion-show-review-menswear-autumn-2020-bof\/\"><\/a>\r\n      <\/div>\n    <\/div>\n  <\/div><div class=\"item item-446403 skin flat even 8 \">\n        <div class=\"layer-wrapper layout-\">\n        <div class=\"layer-media\"><\/div>\n  <div class=\"layer-content\">\n        <div\r\n        class=\"element element_0  element-media \">\r\n            <\/div>\r\n    <div class=\"element element_1  title_link \">\r\n                    <a target=\"\"\r\n                href=\"https:\/\/fredericsanchez.com\/fredericsanchez\/fn-hermes-ss21\/\">FN Hermes SS21<\/a>\r\n            <\/div>\r\n    <div class=\"element element_2  excerpt \">\r\n        Fashion Network Herm\u00e8s: qualit\u00e9, qualit\u00e9 et qualit\u00e9 4\/10\/2020 Godfrey Deeny Traduit par Marguerite Capelle D\u00e9claration de mode puriste et c\u00e9l\u00e9bration            <\/div>\r\n            <a class=\"element element_3  read_more \"\r\n            target=\"\"\r\n            href=\"https:\/\/fredericsanchez.com\/fredericsanchez\/fn-hermes-ss21\/\"><\/a>\r\n      <\/div>\n    <\/div>\n  <\/div><div class=\"item item-446401 skin flat odd 9 \">\n        <div class=\"layer-wrapper layout-\">\n        <div class=\"layer-media\"><\/div>\n  <div class=\"layer-content\">\n        <div\r\n        class=\"element element_0  element-media \">\r\n            <\/div>\r\n    <div class=\"element element_1  title_link \">\r\n                    <a target=\"\"\r\n                href=\"https:\/\/fredericsanchez.com\/fredericsanchez\/eass21-le-monde\/\">EASS21 Le Monde<\/a>\r\n            <\/div>\r\n    <div class=\"element element_2  excerpt \">\r\n        Le Monde 25\/09\/2020 Par Elvire von Bardeleben et Th\u00e9odora Aspart A la Milan Fashion Week, Prada et Emporio Armani jouent            <\/div>\r\n            <a class=\"element element_3  read_more \"\r\n            target=\"\"\r\n            href=\"https:\/\/fredericsanchez.com\/fredericsanchez\/eass21-le-monde\/\"><\/a>\r\n      <\/div>\n    <\/div>\n  <\/div><div class=\"item item-446399 skin flat even 10 \">\n        <div class=\"layer-wrapper layout-\">\n        <div class=\"layer-media\"><\/div>\n  <div class=\"layer-content\">\n        <div\r\n        class=\"element element_0  element-media \">\r\n            <\/div>\r\n    <div class=\"element element_1  title_link \">\r\n                    <a target=\"\"\r\n                href=\"https:\/\/fredericsanchez.com\/fredericsanchez\/eass21-corriere-della-sera\/\">EASS21 Corriere della sera<\/a>\r\n            <\/div>\r\n    <div class=\"element element_2  excerpt \">\r\n        Corriere della sera 24 SETTEMBRE 2020 EMPORIO ARMANI: LA MODA NON \u00c8 UN GENERE SESSUALE Giorgio Armani affida a Building            <\/div>\r\n            <a class=\"element element_3  read_more \"\r\n            target=\"\"\r\n            href=\"https:\/\/fredericsanchez.com\/fredericsanchez\/eass21-corriere-della-sera\/\"><\/a>\r\n      <\/div>\n    <\/div>\n  <\/div><div class=\"item item-446397 skin flat odd 11 \">\n        <div class=\"layer-wrapper layout-\">\n        <div class=\"layer-media\"><\/div>\n  <div class=\"layer-content\">\n        <div\r\n        class=\"element element_0  element-media \">\r\n            <\/div>\r\n    <div class=\"element element_1  title_link \">\r\n                    <a target=\"\"\r\n                href=\"https:\/\/fredericsanchez.com\/fredericsanchez\/ea-vr-ss21\/\">EA VR SS21<\/a>\r\n            <\/div>\r\n    <div class=\"element element_2  excerpt \">\r\n        Emporio Armani SPRING 2021 READY-TO-WEAR By Luke Leitch September 24, 2020 Props to Mr. Armani for sticking to tradition by            <\/div>\r\n            <a class=\"element element_3  read_more \"\r\n            target=\"\"\r\n            href=\"https:\/\/fredericsanchez.com\/fredericsanchez\/ea-vr-ss21\/\"><\/a>\r\n      <\/div>\n    <\/div>\n  <\/div>    <\/div>\n    <div class=\"pagination\">\n      <div class=\"paginate\">\n    <span aria-current=\"page\" class=\"page-numbers current\">1<\/span>\n<a class=\"page-numbers\" href=\"https:\/\/fredericsanchez.com\/fredericsanchez\/wp-json\/wp\/v2\/pages\/444903\/page\/2\/\">2<\/a>\n<a class=\"page-numbers\" href=\"https:\/\/fredericsanchez.com\/fredericsanchez\/wp-json\/wp\/v2\/pages\/444903\/page\/3\/\">3<\/a>\n<span class=\"page-numbers dots\">\u2026<\/span>\n<a class=\"page-numbers\" href=\"https:\/\/fredericsanchez.com\/fredericsanchez\/wp-json\/wp\/v2\/pages\/444903\/page\/15\/\">15<\/a>\n<a class=\"next page-numbers\" href=\"https:\/\/fredericsanchez.com\/fredericsanchez\/wp-json\/wp\/v2\/pages\/444903\/page\/2\/\">Next \u00bb<\/a>  <\/div>\n  <style type=\"text\/css\">\n    #post-grid-444902 .pagination .page-numbers {\n      font-size: 16px;\n      color: #fff;\n      background: #646464;\n    }\n\n    #post-grid-444902 .pagination .page-numbers:hover,\n    #post-grid-444902 .pagination .page-numbers.current {\n      background: #4b4b4b;\n    }\n  <\/style>\n  <\/div>\n      <script>\n          <\/script>\n    <style type=\"text\/css\">\n    #post-grid-444902 .element_0 {\n      display: block;font-size: 21px;line-height: normal;padding: 5px 10px;text-align: left; text-decoration: none;    }\n\n    #post-grid-444902 .element_1 {\n      display: block;font-size: 21px;line-height: normal;padding: 5px 10px;text-align: left; text-decoration: none;    }\n\n    #post-grid-444902 .element_2 {\n      display: block;font-size: 14px;padding: 5px 10px;text-align: left;    }\n\n    #post-grid-444902 .element_3 {\n      display: block;font-size: 12px;font-weight: bold;padding: 0 10px;text-align: left;text-decoration: none;    }\n\n    #post-grid-444902 .element_0:hover{}#post-grid-444902 .element_1:hover{}#post-grid-444902 .element_2:hover{}#post-grid-444902 .element_3:hover{}  <\/style>\n  <style type=\"text\/css\">\n    #post-grid-444902 {\n          }\n\n    #post-grid-444902 .item {\n      padding: 0px;\n      background: #fff;\n          }\n\n    #post-grid-444902 .item .layer-media {\n      height:auto;    }\n\n    @media only screen and (min-width: 0px) and (max-width: 767px) {\n      #post-grid-444902 .grid-items {\n        display: grid;\n        grid-template-columns: 1fr ;\n        column-gap: 10px;\n        row-gap: 10px;\n              }\n\n      #post-grid-444902 .item {\n        height:auto;      }\n    }\n\n    @media only screen and (min-width: 768px) and (max-width: 1023px) {\n      #post-grid-444902 .grid-items {\n        display: grid;\n        grid-template-columns: 1fr 1fr ;\n        column-gap: 10px;\n        row-gap: 10px;\n              }\n\n      #post-grid-444902 .item {\n        max-height:auto;      }\n    }\n\n    @media only screen and (min-width: 1024px) {\n      #post-grid-444902 .grid-items {\n        display: grid;\n        grid-template-columns: 1fr 1fr 1fr ;\n        column-gap: 10px;\n        row-gap: 10px;\n              }\n\n      #post-grid-444902 .item {\n        height:auto;      }\n    }\n\n      <\/style>\n  <\/div>\n\n","protected":false},"excerpt":{"rendered":"","protected":false},"author":7,"featured_media":0,"parent":0,"menu_order":0,"comment_status":"closed","ping_status":"closed","template":"","meta":{"footnotes":""},"class_list":["post-444903","page","type-page","status-publish","hentry"],"_links":{"self":[{"href":"https:\/\/fredericsanchez.com\/fredericsanchez\/wp-json\/wp\/v2\/pages\/444903","targetHints":{"allow":["GET"]}}],"collection":[{"href":"https:\/\/fredericsanchez.com\/fredericsanchez\/wp-json\/wp\/v2\/pages"}],"about":[{"href":"https:\/\/fredericsanchez.com\/fredericsanchez\/wp-json\/wp\/v2\/types\/page"}],"author":[{"embeddable":true,"href":"https:\/\/fredericsanchez.com\/fredericsanchez\/wp-json\/wp\/v2\/users\/7"}],"replies":[{"embeddable":true,"href":"https:\/\/fredericsanchez.com\/fredericsanchez\/wp-json\/wp\/v2\/comments?post=444903"}],"version-history":[{"count":0,"href":"https:\/\/fredericsanchez.com\/fredericsanchez\/wp-json\/wp\/v2\/pages\/444903\/revisions"}],"wp:attachment":[{"href":"https:\/\/fredericsanchez.com\/fredericsanchez\/wp-json\/wp\/v2\/media?parent=444903"}],"curies":[{"name":"wp","href":"https:\/\/api.w.org\/{rel}","templated":true}]}}